{"id":87,"date":"2023-07-10T13:17:27","date_gmt":"2023-07-10T11:17:27","guid":{"rendered":"https:\/\/rallye.arma01.fr\/?page_id=87"},"modified":"2025-11-17T14:55:23","modified_gmt":"2025-11-17T13:55:23","slug":"epreuves-dessai","status":"publish","type":"page","link":"https:\/\/rallye.arma01.fr\/?page_id=87","title":{"rendered":"\u00c9preuves d&rsquo;essai"},"content":{"rendered":"\n<p><strong>Vous trouverez ci-dessous 5 \u00e9preuves des rallyes de pr\u00e9c\u00e9dentes ann\u00e9es<\/strong>. Dans chaque fichier, la page de garde rappelle les cat\u00e9gories des probl\u00e8mes propos\u00e9s. Les \u00e9nonc\u00e9s seront \u00e0 extraire du document avant de les pr\u00e9senter aux \u00e9l\u00e8ves puisqu&rsquo;ils sont suivis d&rsquo;une analyse du probl\u00e8me et du bar\u00e8me d&rsquo;attribution des points. Vous pouvez choisir de ne traiter qu&rsquo;un probl\u00e8me \u00e0 la fois pour pr\u00e9parer les \u00e9l\u00e8ves \u00e0 leur r\u00e9solution ou bien vous servir de l&rsquo;ensemble des probl\u00e8mes d&rsquo;une m\u00eame cat\u00e9gorie pour simuler une \u00e9preuve r\u00e9elle. Dans ce dernier cas, vous devrez choisir 5 probl\u00e8mes de votre cat\u00e9gorie. En effet, cette ann\u00e9e toutes les \u00e9preuves comprendront 5 probl\u00e8mes pour chaque cat\u00e9gorie. <\/p>\n\n\n\n<p><strong>Cette diminution du nombre de probl\u00e8me \u00e0 r\u00e9soudre a \u00e9t\u00e9 d\u00e9cid\u00e9e pour permettre plus d\u2019\u00e9changes et de confrontation entre les \u00e9l\u00e8ves.<\/strong> Avec 5 probl\u00e8mes \u00e0 r\u00e9soudre, on peut imaginer que chaque probl\u00e8me sera \u00ab&nbsp;cherch\u00e9&nbsp;\u00bb par au moins deux groupes d\u2019\u00e9l\u00e8ves et qu\u2019ainsi, il pourra y avoir comparaison, argumentation, justification, validation et \u00e9laboration d\u2019une r\u00e9ponse finale concert\u00e9e.<\/p>\n\n\n\n<p><strong>Pour vous aider dans la mise en place du rallye math\u00e9matique dans votre classe, vous pouvez consulter le blog math\u00e9matique de l&rsquo;Ain <\/strong>( <a href=\"https:\/\/maths.edu01.ac-lyon.fr\/organiser-sa-classe-en-mathematiques\/\">https:\/\/maths.edu01.ac-lyon.fr\/organiser-sa-classe-en-mathematiques\/<\/a> ) o\u00f9 vous trouverez\u00a0des t\u00e9moignages de coll\u00e8gues du 1<sup>er<\/sup> degr\u00e9 qui pratiquent le rallye math\u00e9matique ainsi qu&rsquo;une synth\u00e8se de ces pratiques.<\/p>\n\n\n\n<div class=\"wp-block-file\"><a id=\"wp-block-file--media-871cfce1-a534-4b66-8094-df762167be44\" href=\"https:\/\/rallye.arma01.fr\/wp-content\/uploads\/2024\/10\/epreuve-1-2023-pour-essai-1.pdf\">\u00e9preuve 1 2023 pour essai<\/a><a href=\"https:\/\/rallye.arma01.fr\/wp-content\/uploads\/2024\/10\/epreuve-1-2023-pour-essai-1.pdf\" class=\"wp-block-file__button wp-element-button\" download aria-describedby=\"wp-block-file--media-871cfce1-a534-4b66-8094-df762167be44\">T\u00e9l\u00e9charger<\/a><\/div>\n\n\n\n<div class=\"wp-block-file\"><a id=\"wp-block-file--media-cde605c9-c9ea-4e3c-9937-57550dfbb593\" href=\"https:\/\/rallye.arma01.fr\/wp-content\/uploads\/2024\/10\/epreuve-1-2024-pour-essai-.pdf\">\u00e9preuve 1 2024 pour essai<\/a><a href=\"https:\/\/rallye.arma01.fr\/wp-content\/uploads\/2024\/10\/epreuve-1-2024-pour-essai-.pdf\" class=\"wp-block-file__button wp-element-button\" download aria-describedby=\"wp-block-file--media-cde605c9-c9ea-4e3c-9937-57550dfbb593\">T\u00e9l\u00e9charger<\/a><\/div>\n\n\n\n<div class=\"wp-block-file\"><a id=\"wp-block-file--media-54d98185-beeb-4791-b35c-ddea19f81923\" href=\"https:\/\/rallye.arma01.fr\/wp-content\/uploads\/2024\/10\/epreuve-2-2023-pour-essai.pdf\">\u00e9preuve 2 2023 pour essai<\/a><a href=\"https:\/\/rallye.arma01.fr\/wp-content\/uploads\/2024\/10\/epreuve-2-2023-pour-essai.pdf\" class=\"wp-block-file__button wp-element-button\" download aria-describedby=\"wp-block-file--media-54d98185-beeb-4791-b35c-ddea19f81923\">T\u00e9l\u00e9charger<\/a><\/div>\n\n\n\n<div class=\"wp-block-file\"><a id=\"wp-block-file--media-a4e017ad-f0df-4dd0-b2e2-ab8255fc5f38\" href=\"https:\/\/rallye.arma01.fr\/wp-content\/uploads\/2024\/10\/epreuve-2-2024-pour-essai.pdf\">\u00e9preuve 2 2024 pour essai<\/a><a href=\"https:\/\/rallye.arma01.fr\/wp-content\/uploads\/2024\/10\/epreuve-2-2024-pour-essai.pdf\" class=\"wp-block-file__button wp-element-button\" download aria-describedby=\"wp-block-file--media-a4e017ad-f0df-4dd0-b2e2-ab8255fc5f38\">T\u00e9l\u00e9charger<\/a><\/div>\n\n\n\n<div class=\"wp-block-file\"><a id=\"wp-block-file--media-83ad3332-2a14-418a-948c-ee5a0d4c1d0c\" href=\"https:\/\/rallye.arma01.fr\/wp-content\/uploads\/2024\/10\/epreuve-finale-2023-pour-essai.pdf\">\u00e9preuve finale 2023 pour essai<\/a><a href=\"https:\/\/rallye.arma01.fr\/wp-content\/uploads\/2024\/10\/epreuve-finale-2023-pour-essai.pdf\" class=\"wp-block-file__button wp-element-button\" download aria-describedby=\"wp-block-file--media-83ad3332-2a14-418a-948c-ee5a0d4c1d0c\">T\u00e9l\u00e9charger<\/a><\/div>\n","protected":false},"excerpt":{"rendered":"<p>Vous trouverez ci-dessous 5 \u00e9preuves des rallyes de pr\u00e9c\u00e9dentes ann\u00e9es. Dans chaque fichier, la page de garde rappelle les cat\u00e9gories des probl\u00e8mes propos\u00e9s. Les \u00e9nonc\u00e9s seront \u00e0 extraire du document avant de les pr\u00e9senter aux \u00e9l\u00e8ves puisqu&rsquo;ils sont suivis d&rsquo;une&#8230; <a class=\"more-link\" href=\"https:\/\/rallye.arma01.fr\/?page_id=87\">Continue Reading &rarr;<\/a><\/p>\n","protected":false},"author":1,"featured_media":0,"parent":0,"menu_order":0,"comment_status":"closed","ping_status":"closed","template":"","meta":{"_acf_changed":false,"footnotes":""},"class_list":["post-87","page","type-page","status-publish","hentry"],"acf":[],"_links":{"self":[{"href":"https:\/\/rallye.arma01.fr\/index.php?rest_route=\/wp\/v2\/pages\/87","targetHints":{"allow":["GET"]}}],"collection":[{"href":"https:\/\/rallye.arma01.fr\/index.php?rest_route=\/wp\/v2\/pages"}],"about":[{"href":"https:\/\/rallye.arma01.fr\/index.php?rest_route=\/wp\/v2\/types\/page"}],"author":[{"embeddable":true,"href":"https:\/\/rallye.arma01.fr\/index.php?rest_route=\/wp\/v2\/users\/1"}],"replies":[{"embeddable":true,"href":"https:\/\/rallye.arma01.fr\/index.php?rest_route=%2Fwp%2Fv2%2Fcomments&post=87"}],"version-history":[{"count":6,"href":"https:\/\/rallye.arma01.fr\/index.php?rest_route=\/wp\/v2\/pages\/87\/revisions"}],"predecessor-version":[{"id":543,"href":"https:\/\/rallye.arma01.fr\/index.php?rest_route=\/wp\/v2\/pages\/87\/revisions\/543"}],"wp:attachment":[{"href":"https:\/\/rallye.arma01.fr\/index.php?rest_route=%2Fwp%2Fv2%2Fmedia&parent=87"}],"curies":[{"name":"wp","href":"https:\/\/api.w.org\/{rel}","templated":true}]}}